{"id":6180,"date":"2023-03-26T16:25:46","date_gmt":"2023-03-26T16:25:46","guid":{"rendered":"https:\/\/earth.web.uclm.es\/?page_id=6180"},"modified":"2026-03-16T17:37:15","modified_gmt":"2026-03-16T17:37:15","slug":"cenit","status":"publish","type":"page","link":"https:\/\/earth.web.uclm.es\/en\/investigacion\/cenit\/","title":{"rendered":"CENIT"},"content":{"rendered":"<div class=\"gb-container gb-container-4640721d\"><div class=\"gb-inside-container\">\n<div class=\"gb-grid-wrapper gb-grid-wrapper-a7be8698\">\n<div class=\"gb-grid-column gb-grid-column-cad9a7ea\"><div class=\"gb-container gb-container-cad9a7ea\"><div class=\"gb-inside-container\">\n\n<h1 class=\"gb-headline gb-headline-fd04d962 gb-headline-text\">CENIT<\/h1>\n\n\n\n<p class=\"has-base-3-color has-text-color has-medium-font-size\"><strong>Econom\u00eda circular aplicada a procesos de tratamiento naturales para la recuperaci\u00f3n ambiental: Generaci\u00f3n de recursos a partir de biomasa residual contaminada&nbsp; (CENIT). <\/strong><\/p>\n\n\n\n<p class=\"has-base-3-color has-text-color has-medium-font-size\">TED2021-131810A-I00<\/p>\n\n<\/div><\/div><\/div>\n<\/div>\n<\/div><\/div>\n\n<div class=\"gb-grid-wrapper gb-grid-wrapper-43ea57af\">\n<div class=\"gb-grid-column gb-grid-column-f91f8a00\"><div class=\"gb-container gb-container-f91f8a00\"><div class=\"gb-inside-container\">\n<div class=\"gb-container gb-container-ea6bcfcc\"><div class=\"gb-inside-container\">\n<div class=\"gb-container gb-container-003ba905\"><div class=\"gb-inside-container\">\n<div class=\"gb-grid-wrapper gb-grid-wrapper-3bfbdaa1\">\n<div class=\"gb-grid-column gb-grid-column-65ac58a2\"><div class=\"gb-container gb-container-65ac58a2\"><div class=\"gb-inside-container\">\n\n<h2 class=\"gb-headline gb-headline-060906e8 gb-headline-text\">Abstract<\/h2>\n\n\n\n<p>El Proyecto CENIT pretende ser el primer intento de valorizaci\u00f3n de residuos vegetales contaminados, producidos en un proceso natural de tratamiento de aguas residuales, como materia prima para producir materiales carbonosos para aplicaciones ambientales electroqu\u00edmicas de elevado valor a\u00f1adido. Para alcanzar este hito, esta propuesta tiene como objetivos 1) estudiar la s\u00edntesis de hidrochar, aplicando carbonizaci\u00f3n hidrotermal (HTC) a la biomasa contaminada obtenida tanto de humedales naturales (Parque Nacional de las Tablas de Daimiel) como humedales artificiales (CW) y 2) utilizar este hidrochar como material dopante en la s\u00edntesis de electrodos para ser aplicados en procesos de desinfecci\u00f3n electroqu\u00edmica. Los CW ser\u00e1n alimentados con aguas contaminadas con productos farmac\u00e9uticos y de higiene personal (PPCP), estudiando la restauraci\u00f3n del recurso h\u00eddrico y la bioacumulaci\u00f3n de los contaminantes en los residuos vegetales. En cuanto al proceso de desinfecci\u00f3n, incluir\u00e1 la generaci\u00f3n electroqu\u00edmica de per\u00f3xido de hidr\u00f3geno, en la b\u00fasqueda de una desinfecci\u00f3n eficiente con una producci\u00f3n reducida de subproductos de desinfecci\u00f3n (DBPs). <\/p>\n\n\n\n<p>Como hip\u00f3tesis de partida, se considera que la aplicaci\u00f3n de los principios de la econom\u00eda circular, mediante la recirculaci\u00f3n de la biomasa residual generada, evitar\u00eda el potencial retorno al medio ambiente de la fracci\u00f3n de PPCPs no degradados y permitir\u00eda dise\u00f1ar un tratamiento de residuo cero. Los temas abordados por el proyecto CENIT est\u00e1n totalmente en consonancia con los principios de la transici\u00f3n ecol\u00f3gica, incluyendo los principales objetivos recogidos en la normativa de taxonom\u00eda (2020\/852). Su metodolog\u00eda se basa en 5 paquetes de trabajo (WP), vinculados a los objetivos espec\u00edficos del proceso, estando el WP2 espec\u00edficamente dise\u00f1ado para potenciar el impacto, que se espera sea sobresaliente. <\/p>\n\n<\/div><\/div><\/div>\n<\/div>\n<\/div><\/div>\n\n\n<p>As\u00ed, se espera la publicaci\u00f3n de, al menos, 7 art\u00edculos en revistas JCR, 1 cap\u00edtulo de libro, 8 contribuciones a congresos y el inicio de 2 Tesis Doctorales como principales impactos cient\u00edfico-t\u00e9cnicos. Adem\u00e1s, se presenta un ambicioso plan de difusi\u00f3n de los resultados, que incluye una landing page en la web oficial del laboratorio, campa\u00f1as de difusi\u00f3n en redes sociales y charlas de divulgaci\u00f3n en zonas rurales. <\/p>\n\n\n\n<p>El equipo de investigaci\u00f3n (RT) est\u00e1 compuesto por los cinco miembros del Laboratorio de Tecnolog\u00edas Integradas de Recuperaci\u00f3n Ambiental (EARTH) de la Universidad de Castilla-La Mancha (UCLM). Este RT se caracteriza por una marcada experiencia multidisciplinar directamente vinculada a las tareas propuestas. El equipo de trabajo est\u00e1 compuesto por tres investigadores internacionales de primer nivel (con experiencia en cada una de las tareas propuestas) y por una investigadora predoctoral en formaci\u00f3n de la UCLM. <\/p>\n\n\n\n<figure class=\"wp-block-image size-large\"><img loading=\"lazy\" decoding=\"async\" width=\"1024\" height=\"577\" src=\"https:\/\/earth.web.uclm.es\/wp-content\/uploads\/2023\/03\/cenit-diagram-1024x577.png\" alt=\"\" class=\"wp-image-6183\" srcset=\"https:\/\/earth.web.uclm.es\/wp-content\/uploads\/2023\/03\/cenit-diagram-1024x577.png 1024w, https:\/\/earth.web.uclm.es\/wp-content\/uploads\/2023\/03\/cenit-diagram-300x169.png 300w, https:\/\/earth.web.uclm.es\/wp-content\/uploads\/2023\/03\/cenit-diagram-768x433.png 768w, https:\/\/earth.web.uclm.es\/wp-content\/uploads\/2023\/03\/cenit-diagram-18x10.png 18w, https:\/\/earth.web.uclm.es\/wp-content\/uploads\/2023\/03\/cenit-diagram.png 1129w\" sizes=\"auto, (max-width: 1024px) 100vw, 1024px\" \/><figcaption class=\"wp-element-caption\">Resumen gr\u00e1fico de la metodolog\u00eda del proyecto CENIT<\/figcaption><\/figure>\n\n\n\n<p>En resumen, el Proyecto CENIT es una propuesta novedosa y viable, que plantea un enfoque de investigaci\u00f3n innovador con previsibles impactos sobresalientes. Adem\u00e1s, si se alcanzan los hitos del Proyecto, el espectro de aplicaciones potenciales de la tecnolog\u00eda y su consiguiente impacto sean notables.<\/p>\n\n\n\n<p><\/p>\n\n<\/div><\/div>\n\n<div class=\"gb-container gb-container-1760a719\"><div class=\"gb-inside-container\">\n\n<h2 class=\"gb-headline gb-headline-dc957946 gb-headline-text\">Researchers<\/h2>\n\n\n<div class=\"gb-container gb-container-119680e0\"><div class=\"gb-inside-container\">\n\n<p><strong>Javier Llanos L\u00f3pez<br><\/strong>Catedr\u00e1tico UCLM<\/p>\n\n\n\n<p><strong>Jos\u00e9 Villase\u00f1or Camacho<br><\/strong>Catedr\u00e1tico UCLM<\/p>\n\n\n\n<p><strong>Francisco Jes\u00fas Fern\u00e1ndez<br><\/strong>Catedr\u00e1tico UCLM<\/p>\n\n\n\n<p><strong>Luis Rodr\u00edguez Romero<br><\/strong>Catedr\u00e1tico UCLM<\/p>\n\n\n\n<p><strong>Mart\u00edn Mu\u00f1oz Morales<br><\/strong>Ayudante Doctor UCLM<\/p>\n\n<\/div><\/div>\n\n\n<h2 class=\"gb-headline gb-headline-85f5fb71 gb-headline-text\">Equipo de trabajo<\/h2>\n\n\n\n<p><strong>Joao Crespo<br><\/strong>Catedr\u00e1tico Universidad Nova de Lisboa<\/p>\n\n\n\n<p><strong>Concepci\u00f3n Ov\u00edn Ania<br><\/strong>Directora Investigaci\u00f3n en CNRS de Orleans<\/p>\n\n\n\n<p><strong>Simonetta Palmas<br><\/strong>Catedr\u00e1tica Universidad de Cagliari<\/p>\n\n\n\n<p><strong>Hassay Medina D\u00edaz<br><\/strong>Investigadora predoctoral UCLM<\/p>\n\n\n\n<p><\/p>\n\n<\/div><div class=\"gb-shapes\"><div class=\"gb-shape gb-shape-1\"><svg xmlns=\"http:\/\/www.w3.org\/2000\/svg\" viewbox=\"0 0 1200 360\" preserveaspectratio=\"none\"><path d=\"M1200 360H0V0l1200 348z\"\/><\/svg><\/div><div class=\"gb-shape gb-shape-2\"><svg xmlns=\"http:\/\/www.w3.org\/2000\/svg\" viewbox=\"0 0 1200 360\" preserveaspectratio=\"none\"><path d=\"M1200 360H0V0l1200 348z\"\/><\/svg><\/div><\/div><\/div>\n\n<div class=\"gb-container gb-container-703d091b\"><div class=\"gb-inside-container\">\n\n<h2 class=\"gb-headline gb-headline-cbb7613a gb-headline-text\">EPOS<\/h2>\n\n\n\n<h6 class=\"gb-headline gb-headline-2cb7e86a\"><span class=\"gb-icon\"><svg aria-hidden=\"true\" role=\"img\" height=\"1em\" width=\"1em\" viewbox=\"0 0 256 512\" xmlns=\"https:\/\/www.w3.org\/2000\/svg\"><path fill=\"currentColor\" d=\"M224.3 273l-136 136c-9.4 9.4-24.6 9.4-33.9 0l-22.6-22.6c-9.4-9.4-9.4-24.6 0-33.9l96.4-96.4-96.4-96.4c-9.4-9.4-9.4-24.6 0-33.9L54.3 103c9.4-9.4 24.6-9.4 33.9 0l136 136c9.5 9.4 9.5 24.6.1 34z\"><\/path><\/svg><\/span><span class=\"gb-headline-text\">Confederaci\u00f3n Hidrogr\u00e1fica del Guadiana<\/span><\/h6>\n\n\n\n<h6 class=\"gb-headline gb-headline-87ae4015\"><span class=\"gb-icon\"><svg aria-hidden=\"true\" role=\"img\" height=\"1em\" width=\"1em\" viewbox=\"0 0 256 512\" xmlns=\"https:\/\/www.w3.org\/2000\/svg\"><path fill=\"currentColor\" d=\"M224.3 273l-136 136c-9.4 9.4-24.6 9.4-33.9 0l-22.6-22.6c-9.4-9.4-9.4-24.6 0-33.9l96.4-96.4-96.4-96.4c-9.4-9.4-9.4-24.6 0-33.9L54.3 103c9.4-9.4 24.6-9.4 33.9 0l136 136c9.5 9.4 9.5 24.6.1 34z\"><\/path><\/svg><\/span><span class=\"gb-headline-text\">Mancomunidad de Servicios Gasset<\/span><\/h6>\n\n\n\n<h6 class=\"gb-headline gb-headline-783f7482\"><span class=\"gb-icon\"><svg aria-hidden=\"true\" role=\"img\" height=\"1em\" width=\"1em\" viewbox=\"0 0 256 512\" xmlns=\"https:\/\/www.w3.org\/2000\/svg\"><path fill=\"currentColor\" d=\"M224.3 273l-136 136c-9.4 9.4-24.6 9.4-33.9 0l-22.6-22.6c-9.4-9.4-9.4-24.6 0-33.9l96.4-96.4-96.4-96.4c-9.4-9.4-9.4-24.6 0-33.9L54.3 103c9.4-9.4 24.6-9.4 33.9 0l136 136c9.5 9.4 9.5 24.6.1 34z\"><\/path><\/svg><\/span><span class=\"gb-headline-text\">Laboratorios Servier<\/span><\/h6>\n\n\n\n<h6 class=\"gb-headline gb-headline-c9e1a549\"><span class=\"gb-icon\"><svg aria-hidden=\"true\" role=\"img\" height=\"1em\" width=\"1em\" viewbox=\"0 0 256 512\" xmlns=\"https:\/\/www.w3.org\/2000\/svg\"><path fill=\"currentColor\" d=\"M224.3 273l-136 136c-9.4 9.4-24.6 9.4-33.9 0l-22.6-22.6c-9.4-9.4-9.4-24.6 0-33.9l96.4-96.4-96.4-96.4c-9.4-9.4-9.4-24.6 0-33.9L54.3 103c9.4-9.4 24.6-9.4 33.9 0l136 136c9.5 9.4 9.5 24.6.1 34z\"><\/path><\/svg><\/span><span class=\"gb-headline-text\">Aquona<\/span><\/h6>\n\n\n\n<h6 class=\"gb-headline gb-headline-b6df6b52\"><span class=\"gb-icon\"><svg aria-hidden=\"true\" role=\"img\" height=\"1em\" width=\"1em\" viewbox=\"0 0 256 512\" xmlns=\"https:\/\/www.w3.org\/2000\/svg\"><path fill=\"currentColor\" d=\"M224.3 273l-136 136c-9.4 9.4-24.6 9.4-33.9 0l-22.6-22.6c-9.4-9.4-9.4-24.6 0-33.9l96.4-96.4-96.4-96.4c-9.4-9.4-9.4-24.6 0-33.9L54.3 103c9.4-9.4 24.6-9.4 33.9 0l136 136c9.5 9.4 9.5 24.6.1 34z\"><\/path><\/svg><\/span><span class=\"gb-headline-text\">Laboratorios Servier<\/span><\/h6>\n\n\n\n<h6 class=\"gb-headline gb-headline-903ed9f3\"><span class=\"gb-icon\"><svg aria-hidden=\"true\" role=\"img\" height=\"1em\" width=\"1em\" viewbox=\"0 0 256 512\" xmlns=\"https:\/\/www.w3.org\/2000\/svg\"><path fill=\"currentColor\" d=\"M224.3 273l-136 136c-9.4 9.4-24.6 9.4-33.9 0l-22.6-22.6c-9.4-9.4-9.4-24.6 0-33.9l96.4-96.4-96.4-96.4c-9.4-9.4-9.4-24.6 0-33.9L54.3 103c9.4-9.4 24.6-9.4 33.9 0l136 136c9.5 9.4 9.5 24.6.1 34z\"><\/path><\/svg><\/span><span class=\"gb-headline-text\">Condias GmbH<\/span><\/h6>\n\n\n\n<p><\/p>\n\n\n\n<p><\/p>\n\n<\/div><\/div>\n\n<div class=\"gb-container gb-container-07808a92\"><div class=\"gb-inside-container\">\n\n<h2 class=\"gb-headline gb-headline-a5c53e87 gb-headline-text\">Work packages<\/h2>\n\n\n\n<h6 class=\"gb-headline gb-headline-8127f823\"><span class=\"gb-icon\"><svg aria-hidden=\"true\" role=\"img\" height=\"1em\" width=\"1em\" viewbox=\"0 0 256 512\" xmlns=\"https:\/\/www.w3.org\/2000\/svg\"><path fill=\"currentColor\" d=\"M224.3 273l-136 136c-9.4 9.4-24.6 9.4-33.9 0l-22.6-22.6c-9.4-9.4-9.4-24.6 0-33.9l96.4-96.4-96.4-96.4c-9.4-9.4-9.4-24.6 0-33.9L54.3 103c9.4-9.4 24.6-9.4 33.9 0l136 136c9.5 9.4 9.5 24.6.1 34z\"><\/path><\/svg><\/span><span class=\"gb-headline-text\">PT1 Coordinaci\u00f3n t\u00e9cnica y gesti\u00f3n econ\u00f3mica.<\/span><\/h6>\n\n\n\n<h6 class=\"gb-headline gb-headline-c7d8b423\"><span class=\"gb-icon\"><svg aria-hidden=\"true\" role=\"img\" height=\"1em\" width=\"1em\" viewbox=\"0 0 256 512\" xmlns=\"https:\/\/www.w3.org\/2000\/svg\"><path fill=\"currentColor\" d=\"M224.3 273l-136 136c-9.4 9.4-24.6 9.4-33.9 0l-22.6-22.6c-9.4-9.4-9.4-24.6 0-33.9l96.4-96.4-96.4-96.4c-9.4-9.4-9.4-24.6 0-33.9L54.3 103c9.4-9.4 24.6-9.4 33.9 0l136 136c9.5 9.4 9.5 24.6.1 34z\"><\/path><\/svg><\/span><span class=\"gb-headline-text\">PT2 Gesti\u00f3n del conocimiento, internacionalizaci\u00f3n y transferencia de tecnolog\u00eda.<\/span><\/h6>\n\n\n\n<h6 class=\"gb-headline gb-headline-1f4ce127\"><span class=\"gb-icon\"><svg aria-hidden=\"true\" role=\"img\" height=\"1em\" width=\"1em\" viewbox=\"0 0 256 512\" xmlns=\"https:\/\/www.w3.org\/2000\/svg\"><path fill=\"currentColor\" d=\"M224.3 273l-136 136c-9.4 9.4-24.6 9.4-33.9 0l-22.6-22.6c-9.4-9.4-9.4-24.6 0-33.9l96.4-96.4-96.4-96.4c-9.4-9.4-9.4-24.6 0-33.9L54.3 103c9.4-9.4 24.6-9.4 33.9 0l136 136c9.5 9.4 9.5 24.6.1 34z\"><\/path><\/svg><\/span><span class=\"gb-headline-text\">PT3. Eliminaci\u00f3n de PPCPs con humedales artificiales<\/span><\/h6>\n\n\n\n<h6 class=\"gb-headline gb-headline-a8162e2f\"><span class=\"gb-icon\"><svg aria-hidden=\"true\" role=\"img\" height=\"1em\" width=\"1em\" viewbox=\"0 0 256 512\" xmlns=\"https:\/\/www.w3.org\/2000\/svg\"><path fill=\"currentColor\" d=\"M224.3 273l-136 136c-9.4 9.4-24.6 9.4-33.9 0l-22.6-22.6c-9.4-9.4-9.4-24.6 0-33.9l96.4-96.4-96.4-96.4c-9.4-9.4-9.4-24.6 0-33.9L54.3 103c9.4-9.4 24.6-9.4 33.9 0l136 136c9.5 9.4 9.5 24.6.1 34z\"><\/path><\/svg><\/span><span class=\"gb-headline-text\">PT4. Carbonizaci\u00f3n hidrot\u00e9rmica de residuos vegetales para la s\u00edntesis de materiales de carb\u00f3n de elevado valor a\u00f1adido.<\/span><\/h6>\n\n\n\n<h6 class=\"gb-headline gb-headline-db415031\"><span class=\"gb-icon\"><svg aria-hidden=\"true\" role=\"img\" height=\"1em\" width=\"1em\" viewbox=\"0 0 256 512\" xmlns=\"https:\/\/www.w3.org\/2000\/svg\"><path fill=\"currentColor\" d=\"M224.3 273l-136 136c-9.4 9.4-24.6 9.4-33.9 0l-22.6-22.6c-9.4-9.4-9.4-24.6 0-33.9l96.4-96.4-96.4-96.4c-9.4-9.4-9.4-24.6 0-33.9L54.3 103c9.4-9.4 24.6-9.4 33.9 0l136 136c9.5 9.4 9.5 24.6.1 34z\"><\/path><\/svg><\/span><span class=\"gb-headline-text\">PT5. Aplicaci\u00f3n de materiales de carb\u00f3n en procesos de desinfecci\u00f3n electroqu\u00edmica<\/span><\/h6>\n\n\n\n<p><\/p>\n\n\n\n<p>Paquetes de trabajo (PT: paquete de trabajo):<\/p>\n\n<\/div><div class=\"gb-shapes\"><div class=\"gb-shape gb-shape-1\"><svg xmlns=\"http:\/\/www.w3.org\/2000\/svg\" viewbox=\"0 0 1200 360\" preserveaspectratio=\"none\"><path d=\"M1200 360H0V0l1200 348z\"\/><\/svg><\/div><div class=\"gb-shape gb-shape-2\"><svg xmlns=\"http:\/\/www.w3.org\/2000\/svg\" viewbox=\"0 0 1200 360\" preserveaspectratio=\"none\"><path d=\"M1200 360H0V0l1200 348z\"\/><\/svg><\/div><\/div><\/div>\n\n<div class=\"gb-container gb-container-0484db8f\"><div class=\"gb-inside-container\">\n\n<h2 class=\"gb-headline gb-headline-df1e5c20 gb-headline-text\">Published papers<\/h2>\n\n\n\n<p>\u00c1lvaro Ram\u00edrez, Martin Mu\u00f1oz-Morales, Francisco Jes\u00fas Fern\u00e1ndez-Morales, Javier Llanos.&nbsp;Valorization of Polluted Biomass Waste for Manufacturing Sustainable Cathode Materials for the Production of Hydrogen Peroxide.&nbsp;Electrochimica Acta, Art. No. 142383. Disponible en:&nbsp;<a rel=\"noreferrer noopener\" href=\"https:\/\/authors.elsevier.com\/sd\/article\/S0013-4686(23)00561-3\" target=\"_blank\">https:\/\/authors.elsevier.com\/sd\/article\/S0013-4686(23)00561-3<\/a><\/p>\n\n\n\n<p>The conversation. Transformamos las aguas contaminadas en una fuente de recursos gracias a las plantas. <a href=\"https:\/\/theconversation.com\/transformamos-las-aguas-contaminadas-en-una-fuente-de-recursos-gracias-a-las-plantas-204980\">https:\/\/theconversation.com\/transformamos-las-aguas-contaminadas-en-una-fuente-de-recursos-gracias-a-las-plantas-204980<\/a><\/p>\n\n<\/div><\/div>\n\n<div class=\"gb-container gb-container-cf708b31\"><div class=\"gb-inside-container\">\n\n<h2 class=\"gb-headline gb-headline-a35c57c7 gb-headline-text\">Conferences<\/h2>\n\n\n\n<p><\/p>\n\n\n\n<p><\/p>\n\n\n\n<p><\/p>\n\n\n\n<p><\/p>\n\n\n\n<p><\/p>\n\n<\/div><div class=\"gb-shapes\"><div class=\"gb-shape gb-shape-1\"><svg xmlns=\"http:\/\/www.w3.org\/2000\/svg\" viewbox=\"0 0 1200 360\" preserveaspectratio=\"none\"><path d=\"M1200 360H0V0l1200 348z\"\/><\/svg><\/div><div class=\"gb-shape gb-shape-2\"><svg xmlns=\"http:\/\/www.w3.org\/2000\/svg\" viewbox=\"0 0 1200 360\" preserveaspectratio=\"none\"><path d=\"M1200 360H0V0l1200 348z\"\/><\/svg><\/div><\/div><\/div>\n\n<div class=\"gb-container gb-container-3370a758\"><div class=\"gb-inside-container\">\n\n<h2 class=\"gb-headline gb-headline-9da55d71 gb-headline-text\">Pictures<\/h2>\n\n\n\n<figure class=\"wp-block-gallery aligncenter has-nested-images columns-default is-cropped wp-block-gallery-1 is-layout-flex wp-block-gallery-is-layout-flex\"><\/figure>\n\n<\/div><\/div>\n\n\n<p><\/p>\n\n\n\n<p><\/p>\n\n\n\n<p><\/p>\n\n\n\n<p><\/p>\n\n\n\n<p><\/p>\n\n\n<div class=\"gb-container gb-container-0f0113f6\"><div class=\"gb-inside-container\"><\/div><\/div>\n<\/div><\/div><\/div>\n\n<div class=\"gb-grid-column gb-grid-column-b1b23fd8\"><div class=\"gb-container gb-container-b1b23fd8\" id=\"projectpage-lateral-bar\"><div class=\"gb-inside-container\">\n<div class=\"gb-container gb-container-e6310147\"><div class=\"gb-inside-container\">\n<!--TOC-->\n\n<\/div><\/div>\n\n<div class=\"gb-container gb-container-9a04e897\"><div class=\"gb-inside-container\">\n\n<h6 class=\"gb-headline gb-headline-395c85ce\"><span class=\"gb-icon\"><svg xml:space=\"preserve\" style=\"enable-background:new 0 0 512 512;\" viewbox=\"0 0 512 512\" y=\"0px\" x=\"0px\" xmlns:xlink=\"https:\/\/www.w3.org\/1999\/xlink\" xmlns=\"https:\/\/www.w3.org\/2000\/svg\" id=\"Layer_1\" version=\"1.1\"> <g> \t<g> \t\t<g> \t\t\t<path d=\"M469.333,448h-10.667v-10.667c0-13.888-8.939-25.621-21.333-30.037V254.037c12.395-4.416,21.333-16.149,21.333-30.037 \t\t\t\tv-10.667h10.667c5.888,0,10.667-4.779,10.667-10.667v-32h10.667c4.736,0,8.896-3.115,10.219-7.68 \t\t\t\tc1.323-4.565-0.491-9.429-4.501-11.989L261.717,1.664c-3.499-2.219-7.957-2.219-11.456,0L15.595,150.997 \t\t\t\tc-3.989,2.56-5.824,7.445-4.501,11.989c1.323,4.544,5.504,7.68,10.24,7.68H32v32c0,5.888,4.779,10.667,10.667,10.667h10.667V224 \t\t\t\tc0,13.888,8.939,25.621,21.333,30.037v153.259c-12.395,4.416-21.333,16.149-21.333,30.037V448H42.667c-17.643,0-32,14.357-32,32 \t\t\t\tv21.333c0,5.888,4.779,10.667,10.667,10.667h469.333c5.888,0,10.667-4.779,10.667-10.667V480 \t\t\t\tC501.333,462.357,486.976,448,469.333,448z M437.333,224c0,5.888-4.779,10.667-10.667,10.667H384 \t\t\t\tc-5.888,0-10.667-4.779-10.667-10.667v-10.667h64V224z M288,407.296V254.037c12.395-4.416,21.333-16.149,21.333-30.037v-10.667 \t\t\t\tH352V224c0,13.888,8.939,25.621,21.333,30.037v153.259C360.939,411.712,352,423.445,352,437.333V448h-42.667v-10.667 \t\t\t\tC309.333,423.445,300.395,411.712,288,407.296z M138.667,407.296V254.037C151.061,249.621,160,237.888,160,224v-10.667h42.667 \t\t\t\tV224c0,13.888,8.939,25.621,21.333,30.037v153.259c-12.395,4.416-21.333,16.149-21.333,30.037V448H160v-10.667 \t\t\t\tC160,423.445,151.061,411.712,138.667,407.296z M85.333,234.667c-5.888,0-10.667-4.779-10.667-10.667v-10.667h64V224 \t\t\t\tc0,5.888-4.779,10.667-10.667,10.667H85.333z M117.333,256v149.333H96V256H117.333z M224,437.333 \t\t\t\tc0-5.888,4.779-10.667,10.667-10.667h42.667c5.888,0,10.667,4.779,10.667,10.667V448h-64V437.333z M245.333,405.333V256h21.333 \t\t\t\tv149.333H245.333z M277.333,234.667h-42.667c-5.888,0-10.667-4.779-10.667-10.667v-10.667h64V224 \t\t\t\tC288,229.888,283.221,234.667,277.333,234.667z M373.333,437.333c0-5.888,4.779-10.667,10.667-10.667h42.667 \t\t\t\tc5.888,0,10.667,4.779,10.667,10.667V448h-64V437.333z M394.667,405.333V256H416v149.333H394.667z M256,23.317l198.037,126.016 \t\t\t\tH57.963L256,23.317z M53.333,192v-21.333h405.333V192H53.333z M74.667,437.333c0-5.888,4.779-10.667,10.667-10.667H128 \t\t\t\tc5.888,0,10.667,4.779,10.667,10.667V448h-64V437.333z M480,490.667H32V480c0-5.888,4.779-10.667,10.667-10.667h426.667 \t\t\t\tc5.888,0,10.667,4.779,10.667,10.667V490.667z\"><\/path> \t\t\t<path d=\"M325.909,108.459l-64-42.667c-3.584-2.389-8.256-2.389-11.84,0l-64,42.667c-3.904,2.603-5.653,7.467-4.288,11.968 \t\t\t\tC183.147,124.928,187.307,128,192,128h128c4.693,0,8.832-3.072,10.197-7.573C331.563,115.925,329.813,111.061,325.909,108.459z \t\t\t\t M227.221,106.667l28.757-19.179l28.779,19.179H227.221z\"><\/path> \t\t<\/g> \t<\/g> <\/g> <g> <\/g> <g> <\/g> <g> <\/g> <g> <\/g> <g> <\/g> <g> <\/g> <g> <\/g> <g> <\/g> <g> <\/g> <g> <\/g> <g> <\/g> <g> <\/g> <g> <\/g> <g> <\/g> <g> <\/g> <\/svg><\/span><span class=\"gb-headline-text\">Ministerio de Ciencia, Innovac\u00edon y Universidades<\/span><\/h6>\n\n\n\n<h6 class=\"gb-headline gb-headline-8ace99ee\"><span class=\"gb-icon\"><svg aria-hidden=\"true\" role=\"img\" height=\"1em\" width=\"1em\" viewbox=\"0 0 448 512\" xmlns=\"https:\/\/www.w3.org\/2000\/svg\"><path fill=\"currentColor\" d=\"M148 288h-40c-6.6 0-12-5.4-12-12v-40c0-6.6 5.4-12 12-12h40c6.6 0 12 5.4 12 12v40c0 6.6-5.4 12-12 12zm108-12v-40c0-6.6-5.4-12-12-12h-40c-6.6 0-12 5.4-12 12v40c0 6.6 5.4 12 12 12h40c6.6 0 12-5.4 12-12zm96 0v-40c0-6.6-5.4-12-12-12h-40c-6.6 0-12 5.4-12 12v40c0 6.6 5.4 12 12 12h40c6.6 0 12-5.4 12-12zm-96 96v-40c0-6.6-5.4-12-12-12h-40c-6.6 0-12 5.4-12 12v40c0 6.6 5.4 12 12 12h40c6.6 0 12-5.4 12-12zm-96 0v-40c0-6.6-5.4-12-12-12h-40c-6.6 0-12 5.4-12 12v40c0 6.6 5.4 12 12 12h40c6.6 0 12-5.4 12-12zm192 0v-40c0-6.6-5.4-12-12-12h-40c-6.6 0-12 5.4-12 12v40c0 6.6 5.4 12 12 12h40c6.6 0 12-5.4 12-12zm96-260v352c0 26.5-21.5 48-48 48H48c-26.5 0-48-21.5-48-48V112c0-26.5 21.5-48 48-48h48V12c0-6.6 5.4-12 12-12h40c6.6 0 12 5.4 12 12v52h128V12c0-6.6 5.4-12 12-12h40c6.6 0 12 5.4 12 12v52h48c26.5 0 48 21.5 48 48zm-48 346V160H48v298c0 3.3 2.7 6 6 6h340c3.3 0 6-2.7 6-6z\"><\/path><\/svg><\/span><span class=\"gb-headline-text\">1 diciembre 2022 a 30 noviembre 2024<\/span><\/h6>\n\n\n\n<h6 class=\"gb-headline gb-headline-e59759ab\"><span class=\"gb-icon\"><svg xml:space=\"preserve\" style=\"enable-background:new 0 0 27.015 27.016;\" viewbox=\"0 0 27.015 27.016\" height=\"27.016px\" width=\"27.015px\" y=\"0px\" x=\"0px\" xmlns:xlink=\"https:\/\/www.w3.org\/1999\/xlink\" xmlns=\"https:\/\/www.w3.org\/2000\/svg\" id=\"Capa_1\" version=\"1.1\"> <g> \t<path d=\"M23.809,19.885c0,1.766-0.862,3.395-2.595,4.889c-1.729,1.496-3.823,2.242-6.285,2.242c-2.305,0-4.315-0.838-6.032-2.512 \t\tc-1.718-1.676-2.744-4.211-3.08-7.609H3.53c-0.215,0-0.324-0.154-0.324-0.469c0-0.299,0.115-0.678,0.344-1.135 \t\tc0.228-0.457,0.42-0.686,0.576-0.686h1.547v-0.647c0-0.528,0.025-1.291,0.074-2.288H3.53c-0.215,0-0.324-0.149-0.324-0.45 \t\tc0-0.313,0.115-0.696,0.344-1.152c0.228-0.457,0.42-0.685,0.576-0.685h1.801C6.707,3.127,9.661,0,14.786,0 \t\tc2.258,0,4.204,0.582,5.836,1.747c1.633,1.165,2.449,2.611,2.449,4.34c0,0.588-0.191,1.086-0.576,1.495 \t\tc-0.385,0.409-0.854,0.612-1.404,0.612c-0.611,0-1.061-0.156-1.342-0.468c-0.283-0.312-0.562-0.792-0.838-1.441 \t\tc-0.348-0.852-0.762-1.503-1.242-1.954c-0.479-0.451-1.297-0.676-2.449-0.676c-1.319,0-2.338,0.462-3.053,1.387 \t\tc-0.715,0.925-1.174,2.372-1.379,4.341h5.801c0.238,0,0.359,0.156,0.359,0.468c0,0.336-0.111,0.724-0.334,1.162 \t\tc-0.221,0.439-0.416,0.658-0.584,0.658h-5.385l-0.037,1.765c0,0.541,0.012,0.932,0.037,1.17h5.942c0.238,0,0.359,0.149,0.359,0.45 \t\tc0,0.349-0.111,0.742-0.334,1.181c-0.222,0.438-0.416,0.656-0.584,0.656h-5.277c0.42,4.312,1.801,6.467,4.144,6.467 \t\tc0.877,0,1.678-0.211,2.403-0.631c0.729-0.421,1.427-1.404,2.1-2.953c0.432-1.009,0.805-1.636,1.115-1.883 \t\tc0.312-0.246,0.648-0.369,1.01-0.369c0.721,0,1.279,0.207,1.684,0.623C23.609,18.561,23.809,19.141,23.809,19.885z\"><\/path> <\/g> <g> <\/g> <g> <\/g> <g> <\/g> <g> <\/g> <g> <\/g> <g> <\/g> <g> <\/g> <g> <\/g> <g> <\/g> <g> <\/g> <g> <\/g> <g> <\/g> <g> <\/g> <g> <\/g> <g> <\/g> <\/svg><\/span><span class=\"gb-headline-text\">Dotaci\u00f3n: 156.400 \u20ac<\/span><\/h6>\n\n\n<div class=\"gb-container gb-container-e74459d3\"><\/div>\n\n\n<div class=\"wp-block-columns is-layout-flex wp-container-core-columns-is-layout-9d6595d7 wp-block-columns-is-layout-flex\">\n<div class=\"wp-block-column is-layout-flow wp-block-column-is-layout-flow\" style=\"flex-basis:100%\">\n<div class=\"wp-block-columns is-layout-flex wp-container-core-columns-is-layout-9d6595d7 wp-block-columns-is-layout-flex\">\n<div class=\"wp-block-column is-layout-flow wp-block-column-is-layout-flow\" style=\"flex-basis:100%\">\n<div class=\"gb-headline gb-headline-e4b40f63 gb-headline-text\">Proyecto TED2021-131810A-I00 financiado por MCIN\/AEI \/10.13039\/501100011033 y por la Uni\u00f3n Europea NextGenerationEU\/PRTR<\/div>\n<\/div>\n<\/div>\n<\/div>\n<\/div>\n\n<\/div><\/div>\n\n<div class=\"gb-container gb-container-fda25784\"><div class=\"gb-inside-container\">\n<div class=\"wp-block-image\">\n<figure class=\"aligncenter size-large\"><img decoding=\"async\" src=\"https:\/\/earth.web.uclm.es\/wp-content\/uploads\/2026\/02\/MICIUNextGPRTRAEI-scaled.png\" alt=\"\"\/><\/figure>\n<\/div>\n<\/div><\/div>\n<\/div><\/div><\/div>\n<\/div>","protected":false},"excerpt":{"rendered":"","protected":false},"author":1,"featured_media":0,"parent":5487,"menu_order":0,"comment_status":"closed","ping_status":"closed","template":"","meta":{"footnotes":""},"class_list":["post-6180","page","type-page","status-publish"],"_links":{"self":[{"href":"https:\/\/earth.web.uclm.es\/en\/wp-json\/wp\/v2\/pages\/6180","targetHints":{"allow":["GET"]}}],"collection":[{"href":"https:\/\/earth.web.uclm.es\/en\/wp-json\/wp\/v2\/pages"}],"about":[{"href":"https:\/\/earth.web.uclm.es\/en\/wp-json\/wp\/v2\/types\/page"}],"author":[{"embeddable":true,"href":"https:\/\/earth.web.uclm.es\/en\/wp-json\/wp\/v2\/users\/1"}],"replies":[{"embeddable":true,"href":"https:\/\/earth.web.uclm.es\/en\/wp-json\/wp\/v2\/comments?post=6180"}],"version-history":[{"count":16,"href":"https:\/\/earth.web.uclm.es\/en\/wp-json\/wp\/v2\/pages\/6180\/revisions"}],"predecessor-version":[{"id":6351,"href":"https:\/\/earth.web.uclm.es\/en\/wp-json\/wp\/v2\/pages\/6180\/revisions\/6351"}],"up":[{"embeddable":true,"href":"https:\/\/earth.web.uclm.es\/en\/wp-json\/wp\/v2\/pages\/5487"}],"wp:attachment":[{"href":"https:\/\/earth.web.uclm.es\/en\/wp-json\/wp\/v2\/media?parent=6180"}],"curies":[{"name":"wp","href":"https:\/\/api.w.org\/{rel}","templated":true}]}}