{"id":6161,"date":"2023-01-23T18:34:33","date_gmt":"2023-01-23T18:34:33","guid":{"rendered":"https:\/\/earth.web.uclm.es\/?page_id=6161"},"modified":"2024-02-25T15:40:12","modified_gmt":"2024-02-25T15:40:12","slug":"alma-mater","status":"publish","type":"page","link":"https:\/\/earth.web.uclm.es\/en\/investigacion\/alma-mater\/","title":{"rendered":"Alma Mater"},"content":{"rendered":"<div class=\"gb-container gb-container-4640721d\"><div class=\"gb-inside-container\">\n<div class=\"gb-grid-wrapper gb-grid-wrapper-a7be8698\">\n<div class=\"gb-grid-column gb-grid-column-cad9a7ea\"><div class=\"gb-container gb-container-cad9a7ea\"><div class=\"gb-inside-container\">\n\n<h1 class=\"gb-headline gb-headline-fd04d962 gb-headline-text\">ALMA MATER<\/h1>\n\n\n\n<p class=\"has-base-3-color has-text-color has-medium-font-size\">Revalorizaci\u00f3n de residuos Mineros para la producci\u00f3n electroqu\u00edmica de especies de Alto valor a\u00f1adido a partir de Materia vegetal contaminada<\/p>\n\n<\/div><\/div><\/div>\n<\/div>\n<\/div><\/div>\n\n<div class=\"gb-grid-wrapper gb-grid-wrapper-43ea57af\">\n<div class=\"gb-grid-column gb-grid-column-f91f8a00\"><div class=\"gb-container gb-container-f91f8a00\"><div class=\"gb-inside-container\">\n<div class=\"gb-container gb-container-ea6bcfcc\"><div class=\"gb-inside-container\">\n<div class=\"gb-container gb-container-003ba905\"><div class=\"gb-inside-container\">\n<div class=\"gb-grid-wrapper gb-grid-wrapper-3bfbdaa1\">\n<div class=\"gb-grid-column gb-grid-column-65ac58a2\"><div class=\"gb-container gb-container-65ac58a2\"><div class=\"gb-inside-container\">\n\n<h2 class=\"gb-headline gb-headline-060906e8 gb-headline-text\">Abstract<\/h2>\n\n\n\n<p>El proyecto \u201c<em>RevALorizaci\u00f3n de residuos Mineros para la producci\u00f3n electroqu\u00edmica de especies de Alto valor a\u00f1adido a partir de MATERia vegetal contaminada<\/em>\u201d, de acr\u00f3nimo&nbsp;<em>Alma Mater<\/em>, propone la recuperaci\u00f3n&nbsp;de entornos naturales contaminados por actividades mineras abandonadas desde una \u00f3ptica integral, en la que los residuos procedentes de los procesos de tratamiento son utilizados como la materia prima para la s\u00edntesis de per\u00f3xido de hidr\u00f3geno, reactivo de elevado valor a\u00f1adido. Esta propuesta est\u00e1 basada en la experiencia obtenida en los proyectos E-BIORE2MIN y Bio-electro MineR2, que se llevan a cabo actualmente en el laboratorio EARTH, pero pretende avanzar en una visi\u00f3n enfocada en la econom\u00eda circular, minimizando el impacto del propio proceso de tratamiento y maximizando el valor de los subproductos generados.<\/p>\n\n<\/div><\/div><\/div>\n<\/div>\n<\/div><\/div>\n\n\n<p>En los proyectos antedichos, el tratamiento de residuos mineros se lleva a cabo mediante tecnolog\u00edas de electro-, bio- y fitorremediaci\u00f3n. Si bien estos procesos permiten recuperar los ambientes mineros abandonados, uno de los productos generados en estas tecnolog\u00edas es una biomasa vegetal, que contiene los metales retenidos. En&nbsp;<em>Alma Mater<\/em>, el objetivo principal es recuperar esta biomasa vegetal y convertirla, someti\u00e9ndola al proceso denominado carbonizaci\u00f3n hidrotermal (HTC de sus siglas en ingl\u00e9s) en un material que pueda utilizarse como dopante en c\u00e1todos con los que llevar a cabo la reducci\u00f3n electrocatal\u00edtica de ox\u00edgeno a per\u00f3xido de hidr\u00f3geno. Este concepto puede entenderse en el resumen gr\u00e1fico adjunto al final de este resumen, donde se observa que el principal objetivo del proyecto&nbsp;<em>Alma Mater<\/em>, combinado con los proyectos anteriores, es que las dos \u00fanicas salidas del proceso de tratamiento sean un recurso natural recuperado y la generaci\u00f3n de especies de alto valor a\u00f1adido.<\/p>\n\n\n\n<figure class=\"wp-block-image size-large\"><img loading=\"lazy\" decoding=\"async\" width=\"1024\" height=\"597\" src=\"https:\/\/earth.web.uclm.es\/wp-content\/uploads\/2023\/01\/alma-mater-esquema-1024x597.png\" alt=\"\" class=\"wp-image-6165\" srcset=\"https:\/\/earth.web.uclm.es\/wp-content\/uploads\/2023\/01\/alma-mater-esquema-1024x597.png 1024w, https:\/\/earth.web.uclm.es\/wp-content\/uploads\/2023\/01\/alma-mater-esquema-300x175.png 300w, https:\/\/earth.web.uclm.es\/wp-content\/uploads\/2023\/01\/alma-mater-esquema-768x447.png 768w, https:\/\/earth.web.uclm.es\/wp-content\/uploads\/2023\/01\/alma-mater-esquema-18x10.png 18w, https:\/\/earth.web.uclm.es\/wp-content\/uploads\/2023\/01\/alma-mater-esquema.png 1296w\" sizes=\"auto, (max-width: 1024px) 100vw, 1024px\" \/><\/figure>\n\n\n\n<p><\/p>\n\n\n\n<p>As\u00ed, el proyecto&nbsp;<em>Alma Mater<\/em>&nbsp;pretende ser la fuerza impulsora inicial de una nueva l\u00ednea de investigaci\u00f3n del laboratorio EARTH. Junto a Javier Llanos y Mart\u00edn Mu\u00f1oz, colaboran en el proyecto, la Dra. Concepci\u00f3n Ania, investigadora responsable en el (CNRS) de Orleans y especialista en la s\u00edntesis y caracterizaci\u00f3n de materiales carbonosos a partir de residuos vegetales para diversos usos, incluyendo aplicaciones electroqu\u00edmicas. Por otro lado, tambi\u00e9n colabora en este proyecto la Dra. Erika Bustos, investigadora titular del Centro de Investigaci\u00f3n y Desarrollo Tecnol\u00f3gico en Electroqu\u00edmica (CIDETEQ) de M\u00e9xico&nbsp; y experta en el desarrollo de materiales electr\u00f3dicos como los que se pretende investigar en este proyecto.<\/p>\n\n<\/div><\/div>\n\n<div class=\"gb-container gb-container-1760a719\"><div class=\"gb-inside-container\">\n\n<h2 class=\"gb-headline gb-headline-dc957946 gb-headline-text\">Researchers<\/h2>\n\n\n<div class=\"gb-container gb-container-119680e0\"><div class=\"gb-inside-container\">\n\n<p><strong>Javier Llanos L\u00f3pez<br><\/strong>Full Professor. Department of Chemical Engineering. Institute of Chemical and Environmental Technology. Ciudad Real.<\/p>\n\n\n\n<p><strong>Mart\u00edn Mu\u00f1oz Morales<br><\/strong>Ayudante Doctor UCLM. Departamento de Ingenier\u00eda Qu\u00edmica. Instituto de Tecnolog\u00eda Qu\u00edmica y Medioambiental. Ciudad Real.<\/p>\n\n\n\n<p><strong>Concepci\u00f3n Ov\u00edn Ania<br><\/strong>Directora Investigaci\u00f3n en CNRS de Orleans.<\/p>\n\n\n\n<p><strong>Erika Bustos Bustos<br><\/strong>Investigadora Titular CIDETEQ M\u00e9xico.<\/p>\n\n\n\n<p><\/p>\n\n<\/div><\/div>\n<\/div><div class=\"gb-shapes\"><div class=\"gb-shape gb-shape-1\"><svg xmlns=\"http:\/\/www.w3.org\/2000\/svg\" viewbox=\"0 0 1200 360\" preserveaspectratio=\"none\"><path d=\"M1200 360H0V0l1200 348z\"\/><\/svg><\/div><div class=\"gb-shape gb-shape-2\"><svg xmlns=\"http:\/\/www.w3.org\/2000\/svg\" viewbox=\"0 0 1200 360\" preserveaspectratio=\"none\"><path d=\"M1200 360H0V0l1200 348z\"\/><\/svg><\/div><\/div><\/div>\n\n<div class=\"gb-container gb-container-703d091b\"><div class=\"gb-inside-container\">\n\n<h2 class=\"gb-headline gb-headline-cbb7613a gb-headline-text\">EPOS<\/h2>\n\n\n\n<h6 class=\"gb-headline gb-headline-2cb7e86a\"><span class=\"gb-icon\"><svg aria-hidden=\"true\" role=\"img\" height=\"1em\" width=\"1em\" viewbox=\"0 0 256 512\" xmlns=\"https:\/\/www.w3.org\/2000\/svg\"><path fill=\"currentColor\" d=\"M224.3 273l-136 136c-9.4 9.4-24.6 9.4-33.9 0l-22.6-22.6c-9.4-9.4-9.4-24.6 0-33.9l96.4-96.4-96.4-96.4c-9.4-9.4-9.4-24.6 0-33.9L54.3 103c9.4-9.4 24.6-9.4 33.9 0l136 136c9.5 9.4 9.5 24.6.1 34z\"><\/path><\/svg><\/span><span class=\"gb-headline-text\">Minas de Almad\u00e9n y Arrayanes (MAYASA)<\/span><\/h6>\n\n\n\n<h6 class=\"gb-headline gb-headline-87ae4015\"><span class=\"gb-icon\"><svg aria-hidden=\"true\" role=\"img\" height=\"1em\" width=\"1em\" viewbox=\"0 0 256 512\" xmlns=\"https:\/\/www.w3.org\/2000\/svg\"><path fill=\"currentColor\" d=\"M224.3 273l-136 136c-9.4 9.4-24.6 9.4-33.9 0l-22.6-22.6c-9.4-9.4-9.4-24.6 0-33.9l96.4-96.4-96.4-96.4c-9.4-9.4-9.4-24.6 0-33.9L54.3 103c9.4-9.4 24.6-9.4 33.9 0l136 136c9.5 9.4 9.5 24.6.1 34z\"><\/path><\/svg><\/span><span class=\"gb-headline-text\">Laboratorios Servier<\/span><\/h6>\n\n\n\n<h6 class=\"gb-headline gb-headline-783f7482\"><span class=\"gb-icon\"><svg aria-hidden=\"true\" role=\"img\" height=\"1em\" width=\"1em\" viewbox=\"0 0 256 512\" xmlns=\"https:\/\/www.w3.org\/2000\/svg\"><path fill=\"currentColor\" d=\"M224.3 273l-136 136c-9.4 9.4-24.6 9.4-33.9 0l-22.6-22.6c-9.4-9.4-9.4-24.6 0-33.9l96.4-96.4-96.4-96.4c-9.4-9.4-9.4-24.6 0-33.9L54.3 103c9.4-9.4 24.6-9.4 33.9 0l136 136c9.5 9.4 9.5 24.6.1 34z\"><\/path><\/svg><\/span><span class=\"gb-headline-text\">Condias GmbH<\/span><\/h6>\n\n\n\n<h6 class=\"gb-headline gb-headline-6f6c3ef4\"><span class=\"gb-icon\"><svg aria-hidden=\"true\" role=\"img\" height=\"1em\" width=\"1em\" viewbox=\"0 0 256 512\" xmlns=\"https:\/\/www.w3.org\/2000\/svg\"><path fill=\"currentColor\" d=\"M224.3 273l-136 136c-9.4 9.4-24.6 9.4-33.9 0l-22.6-22.6c-9.4-9.4-9.4-24.6 0-33.9l96.4-96.4-96.4-96.4c-9.4-9.4-9.4-24.6 0-33.9L54.3 103c9.4-9.4 24.6-9.4 33.9 0l136 136c9.5 9.4 9.5 24.6.1 34z\"><\/path><\/svg><\/span><span class=\"gb-headline-text\">Servicio de Minas JCCM<\/span><\/h6>\n\n\n\n<p><\/p>\n\n<\/div><\/div>\n\n<div class=\"gb-container gb-container-07808a92\"><div class=\"gb-inside-container\">\n\n<h2 class=\"gb-headline gb-headline-a5c53e87 gb-headline-text\">Work packages<\/h2>\n\n\n\n<h6 class=\"gb-headline gb-headline-8127f823\"><span class=\"gb-icon\"><svg aria-hidden=\"true\" role=\"img\" height=\"1em\" width=\"1em\" viewbox=\"0 0 256 512\" xmlns=\"https:\/\/www.w3.org\/2000\/svg\"><path fill=\"currentColor\" d=\"M224.3 273l-136 136c-9.4 9.4-24.6 9.4-33.9 0l-22.6-22.6c-9.4-9.4-9.4-24.6 0-33.9l96.4-96.4-96.4-96.4c-9.4-9.4-9.4-24.6 0-33.9L54.3 103c9.4-9.4 24.6-9.4 33.9 0l136 136c9.5 9.4 9.5 24.6.1 34z\"><\/path><\/svg><\/span><span class=\"gb-headline-text\">PT1 Coordinaci\u00f3n t\u00e9cnica y gesti\u00f3n econ\u00f3mica.<\/span><\/h6>\n\n\n\n<h6 class=\"gb-headline gb-headline-c7d8b423\"><span class=\"gb-icon\"><svg aria-hidden=\"true\" role=\"img\" height=\"1em\" width=\"1em\" viewbox=\"0 0 256 512\" xmlns=\"https:\/\/www.w3.org\/2000\/svg\"><path fill=\"currentColor\" d=\"M224.3 273l-136 136c-9.4 9.4-24.6 9.4-33.9 0l-22.6-22.6c-9.4-9.4-9.4-24.6 0-33.9l96.4-96.4-96.4-96.4c-9.4-9.4-9.4-24.6 0-33.9L54.3 103c9.4-9.4 24.6-9.4 33.9 0l136 136c9.5 9.4 9.5 24.6.1 34z\"><\/path><\/svg><\/span><span class=\"gb-headline-text\">PT2 Gesti\u00f3n del conocimiento<\/span><\/h6>\n\n\n\n<h6 class=\"gb-headline gb-headline-1f4ce127\"><span class=\"gb-icon\"><svg aria-hidden=\"true\" role=\"img\" height=\"1em\" width=\"1em\" viewbox=\"0 0 256 512\" xmlns=\"https:\/\/www.w3.org\/2000\/svg\"><path fill=\"currentColor\" d=\"M224.3 273l-136 136c-9.4 9.4-24.6 9.4-33.9 0l-22.6-22.6c-9.4-9.4-9.4-24.6 0-33.9l96.4-96.4-96.4-96.4c-9.4-9.4-9.4-24.6 0-33.9L54.3 103c9.4-9.4 24.6-9.4 33.9 0l136 136c9.5 9.4 9.5 24.6.1 34z\"><\/path><\/svg><\/span><span class=\"gb-headline-text\">PT3. Caracterizaci\u00f3n y selecci\u00f3n de residuos vegetales procedentes de procesos de fitoremediaci\u00f3n de residuos mineros.<\/span><\/h6>\n\n\n\n<p>T3.1 Preparaci\u00f3n de muestras de biomasa para su caracterizaci\u00f3n.<br>T3.2 Caracterizaci\u00f3n de la biomasa de partida y selecci\u00f3n de muestras para PT4.<\/p>\n\n\n\n<h6 class=\"gb-headline gb-headline-a8162e2f\"><span class=\"gb-icon\"><svg aria-hidden=\"true\" role=\"img\" height=\"1em\" width=\"1em\" viewbox=\"0 0 256 512\" xmlns=\"https:\/\/www.w3.org\/2000\/svg\"><path fill=\"currentColor\" d=\"M224.3 273l-136 136c-9.4 9.4-24.6 9.4-33.9 0l-22.6-22.6c-9.4-9.4-9.4-24.6 0-33.9l96.4-96.4-96.4-96.4c-9.4-9.4-9.4-24.6 0-33.9L54.3 103c9.4-9.4 24.6-9.4 33.9 0l136 136c9.5 9.4 9.5 24.6.1 34z\"><\/path><\/svg><\/span><span class=\"gb-headline-text\">PT4. S\u00edntesis y caracterizaci\u00f3n de hidrochar por carbonizaci\u00f3n hidrot\u00e9rmica.<\/span><\/h6>\n\n\n\n<p>T4.1 S\u00edntesis de hidrochar.<br>T4.2 Caracterizaci\u00f3n del hidrochar sintetizado.<\/p>\n\n\n\n<h6 class=\"gb-headline gb-headline-db415031\"><span class=\"gb-icon\"><svg aria-hidden=\"true\" role=\"img\" height=\"1em\" width=\"1em\" viewbox=\"0 0 256 512\" xmlns=\"https:\/\/www.w3.org\/2000\/svg\"><path fill=\"currentColor\" d=\"M224.3 273l-136 136c-9.4 9.4-24.6 9.4-33.9 0l-22.6-22.6c-9.4-9.4-9.4-24.6 0-33.9l96.4-96.4-96.4-96.4c-9.4-9.4-9.4-24.6 0-33.9L54.3 103c9.4-9.4 24.6-9.4 33.9 0l136 136c9.5 9.4 9.5 24.6.1 34z\"><\/path><\/svg><\/span><span class=\"gb-headline-text\">PT5. Estudio de la s\u00edntesis electroqu\u00edmica de per\u00f3xido de hidr\u00f3geno utilizando el hidrochar obtenido en el PT4.<\/span><\/h6>\n\n\n\n<p>T5.1. Montaje y puesta a punto de celda de s\u00edntesis de per\u00f3xido de hidr\u00f3geno.<br>T5.2. S\u00edntesis de per\u00f3xido de hidr\u00f3geno con materiales cat\u00f3dicos preparados con hidrochar.<br>T5.3. Study of the operating conditions in the electrodeposition process.<\/p>\n\n\n\n<p>Paquetes de trabajo (PT: paquete de trabajo; T: Tarea):<\/p>\n\n<\/div><div class=\"gb-shapes\"><div class=\"gb-shape gb-shape-1\"><svg xmlns=\"http:\/\/www.w3.org\/2000\/svg\" viewbox=\"0 0 1200 360\" preserveaspectratio=\"none\"><path d=\"M1200 360H0V0l1200 348z\"\/><\/svg><\/div><div class=\"gb-shape gb-shape-2\"><svg xmlns=\"http:\/\/www.w3.org\/2000\/svg\" viewbox=\"0 0 1200 360\" preserveaspectratio=\"none\"><path d=\"M1200 360H0V0l1200 348z\"\/><\/svg><\/div><\/div><\/div>\n\n<div class=\"gb-container gb-container-0484db8f\"><div class=\"gb-inside-container\">\n\n<h2 class=\"gb-headline gb-headline-df1e5c20 gb-headline-text\">Published papers<\/h2>\n\n\n\n<p>Martin&nbsp;Mu\u00f1oz-Morales, \u00c1lvaro Ram\u00edrez, Aurelien Ca\u00f1izares, Javier Llanos, Conchi Ania.&nbsp;Evaluating key properties of carbon materials as cathodes for the electrogeneration of hydrogen peroxide. Carbon, Art. No. 118082. DOI:&nbsp;<a rel=\"noreferrer noopener\" href=\"https:\/\/doi.org\/10.1016\/j.carbon.2023.118082\" target=\"_blank\">https:\/\/doi.org\/10.1016\/j.carbon.2023.118082<\/a><\/p>\n\n\n\n<p>\u00c1lvaro Ram\u00edrez,&nbsp;Martin&nbsp;Mu\u00f1oz-Morales, Francisco Jes\u00fas Fern\u00e1ndez-Morales, Javier Llanos.&nbsp;Valorization of Polluted Biomass Waste for Manufacturing Sustainable Cathode Materials for the Production of Hydrogen Peroxide.&nbsp;Electrochimica Acta,&nbsp;Art. No. 142383.&nbsp;DOI:&nbsp;<a rel=\"noreferrer noopener\" href=\"https:\/\/doi.org\/10.1016\/j.electacta.2023.142383\" target=\"_blank\">https:\/\/doi.org\/10.1016\/j.electacta.2023.142383<\/a><\/p>\n\n\n\n<p>The conversation. Transformamos las aguas contaminadas en una fuente de recursos gracias a las plantas.  <a href=\"https:\/\/theconversation.com\/transformamos-las-aguas-contaminadas-en-una-fuente-de-recursos-gracias-a-las-plantas-204980\">https:\/\/theconversation.com\/transformamos-las-aguas-contaminadas-en-una-fuente-de-recursos-gracias-a-las-plantas-204980<\/a><\/p>\n\n<\/div><\/div>\n\n<div class=\"gb-container gb-container-cf708b31\"><div class=\"gb-inside-container\">\n\n<h2 class=\"gb-headline gb-headline-a35c57c7 gb-headline-text\">Conferences<\/h2>\n\n\n\n<p><\/p>\n\n\n\n<p><\/p>\n\n\n\n<p><\/p>\n\n\n\n<p><\/p>\n\n\n\n<p><\/p>\n\n<\/div><div class=\"gb-shapes\"><div class=\"gb-shape gb-shape-1\"><svg xmlns=\"http:\/\/www.w3.org\/2000\/svg\" viewbox=\"0 0 1200 360\" preserveaspectratio=\"none\"><path d=\"M1200 360H0V0l1200 348z\"\/><\/svg><\/div><div class=\"gb-shape gb-shape-2\"><svg xmlns=\"http:\/\/www.w3.org\/2000\/svg\" viewbox=\"0 0 1200 360\" preserveaspectratio=\"none\"><path d=\"M1200 360H0V0l1200 348z\"\/><\/svg><\/div><\/div><\/div>\n\n<div class=\"gb-container gb-container-3370a758\"><div class=\"gb-inside-container\">\n\n<h2 class=\"gb-headline gb-headline-9da55d71 gb-headline-text\">Pictures<\/h2>\n\n\n\n<figure class=\"wp-block-gallery aligncenter has-nested-images columns-default is-cropped wp-block-gallery-1 is-layout-flex wp-block-gallery-is-layout-flex\"><\/figure>\n\n<\/div><\/div>\n\n\n<p><\/p>\n\n\n\n<p><\/p>\n\n\n\n<p><\/p>\n\n\n\n<p><\/p>\n\n\n\n<p><\/p>\n\n\n<div class=\"gb-container gb-container-0f0113f6\"><div class=\"gb-inside-container\"><\/div><\/div>\n<\/div><\/div><\/div>\n\n<div class=\"gb-grid-column gb-grid-column-b1b23fd8\"><div class=\"gb-container gb-container-b1b23fd8\" id=\"projectpage-lateral-bar\"><div class=\"gb-inside-container\">\n<div class=\"gb-container gb-container-e6310147\"><div class=\"gb-inside-container\">\n<!--TOC-->\n\n<\/div><\/div>\n\n<div class=\"gb-container gb-container-9a04e897\"><div class=\"gb-inside-container\">\n\n<h6 class=\"gb-headline gb-headline-395c85ce\"><span class=\"gb-icon\"><svg xml:space=\"preserve\" style=\"enable-background:new 0 0 512 512;\" viewbox=\"0 0 512 512\" y=\"0px\" x=\"0px\" xmlns:xlink=\"https:\/\/www.w3.org\/1999\/xlink\" xmlns=\"https:\/\/www.w3.org\/2000\/svg\" id=\"Layer_1\" version=\"1.1\"> <g> \t<g> \t\t<g> \t\t\t<path d=\"M469.333,448h-10.667v-10.667c0-13.888-8.939-25.621-21.333-30.037V254.037c12.395-4.416,21.333-16.149,21.333-30.037 \t\t\t\tv-10.667h10.667c5.888,0,10.667-4.779,10.667-10.667v-32h10.667c4.736,0,8.896-3.115,10.219-7.68 \t\t\t\tc1.323-4.565-0.491-9.429-4.501-11.989L261.717,1.664c-3.499-2.219-7.957-2.219-11.456,0L15.595,150.997 \t\t\t\tc-3.989,2.56-5.824,7.445-4.501,11.989c1.323,4.544,5.504,7.68,10.24,7.68H32v32c0,5.888,4.779,10.667,10.667,10.667h10.667V224 \t\t\t\tc0,13.888,8.939,25.621,21.333,30.037v153.259c-12.395,4.416-21.333,16.149-21.333,30.037V448H42.667c-17.643,0-32,14.357-32,32 \t\t\t\tv21.333c0,5.888,4.779,10.667,10.667,10.667h469.333c5.888,0,10.667-4.779,10.667-10.667V480 \t\t\t\tC501.333,462.357,486.976,448,469.333,448z M437.333,224c0,5.888-4.779,10.667-10.667,10.667H384 \t\t\t\tc-5.888,0-10.667-4.779-10.667-10.667v-10.667h64V224z M288,407.296V254.037c12.395-4.416,21.333-16.149,21.333-30.037v-10.667 \t\t\t\tH352V224c0,13.888,8.939,25.621,21.333,30.037v153.259C360.939,411.712,352,423.445,352,437.333V448h-42.667v-10.667 \t\t\t\tC309.333,423.445,300.395,411.712,288,407.296z M138.667,407.296V254.037C151.061,249.621,160,237.888,160,224v-10.667h42.667 \t\t\t\tV224c0,13.888,8.939,25.621,21.333,30.037v153.259c-12.395,4.416-21.333,16.149-21.333,30.037V448H160v-10.667 \t\t\t\tC160,423.445,151.061,411.712,138.667,407.296z M85.333,234.667c-5.888,0-10.667-4.779-10.667-10.667v-10.667h64V224 \t\t\t\tc0,5.888-4.779,10.667-10.667,10.667H85.333z M117.333,256v149.333H96V256H117.333z M224,437.333 \t\t\t\tc0-5.888,4.779-10.667,10.667-10.667h42.667c5.888,0,10.667,4.779,10.667,10.667V448h-64V437.333z M245.333,405.333V256h21.333 \t\t\t\tv149.333H245.333z M277.333,234.667h-42.667c-5.888,0-10.667-4.779-10.667-10.667v-10.667h64V224 \t\t\t\tC288,229.888,283.221,234.667,277.333,234.667z M373.333,437.333c0-5.888,4.779-10.667,10.667-10.667h42.667 \t\t\t\tc5.888,0,10.667,4.779,10.667,10.667V448h-64V437.333z M394.667,405.333V256H416v149.333H394.667z M256,23.317l198.037,126.016 \t\t\t\tH57.963L256,23.317z M53.333,192v-21.333h405.333V192H53.333z M74.667,437.333c0-5.888,4.779-10.667,10.667-10.667H128 \t\t\t\tc5.888,0,10.667,4.779,10.667,10.667V448h-64V437.333z M480,490.667H32V480c0-5.888,4.779-10.667,10.667-10.667h426.667 \t\t\t\tc5.888,0,10.667,4.779,10.667,10.667V490.667z\"><\/path> \t\t\t<path d=\"M325.909,108.459l-64-42.667c-3.584-2.389-8.256-2.389-11.84,0l-64,42.667c-3.904,2.603-5.653,7.467-4.288,11.968 \t\t\t\tC183.147,124.928,187.307,128,192,128h128c4.693,0,8.832-3.072,10.197-7.573C331.563,115.925,329.813,111.061,325.909,108.459z \t\t\t\t M227.221,106.667l28.757-19.179l28.779,19.179H227.221z\"><\/path> \t\t<\/g> \t<\/g> <\/g> <g> <\/g> <g> <\/g> <g> <\/g> <g> <\/g> <g> <\/g> <g> <\/g> <g> <\/g> <g> <\/g> <g> <\/g> <g> <\/g> <g> <\/g> <g> <\/g> <g> <\/g> <g> <\/g> <g> <\/g> <\/svg><\/span><span class=\"gb-headline-text\">Regional Goverment of Castilla-La Mancha<\/span><\/h6>\n\n\n\n<h6 class=\"gb-headline gb-headline-8ace99ee\"><span class=\"gb-icon\"><svg aria-hidden=\"true\" role=\"img\" height=\"1em\" width=\"1em\" viewbox=\"0 0 448 512\" xmlns=\"https:\/\/www.w3.org\/2000\/svg\"><path fill=\"currentColor\" d=\"M148 288h-40c-6.6 0-12-5.4-12-12v-40c0-6.6 5.4-12 12-12h40c6.6 0 12 5.4 12 12v40c0 6.6-5.4 12-12 12zm108-12v-40c0-6.6-5.4-12-12-12h-40c-6.6 0-12 5.4-12 12v40c0 6.6 5.4 12 12 12h40c6.6 0 12-5.4 12-12zm96 0v-40c0-6.6-5.4-12-12-12h-40c-6.6 0-12 5.4-12 12v40c0 6.6 5.4 12 12 12h40c6.6 0 12-5.4 12-12zm-96 96v-40c0-6.6-5.4-12-12-12h-40c-6.6 0-12 5.4-12 12v40c0 6.6 5.4 12 12 12h40c6.6 0 12-5.4 12-12zm-96 0v-40c0-6.6-5.4-12-12-12h-40c-6.6 0-12 5.4-12 12v40c0 6.6 5.4 12 12 12h40c6.6 0 12-5.4 12-12zm192 0v-40c0-6.6-5.4-12-12-12h-40c-6.6 0-12 5.4-12 12v40c0 6.6 5.4 12 12 12h40c6.6 0 12-5.4 12-12zm96-260v352c0 26.5-21.5 48-48 48H48c-26.5 0-48-21.5-48-48V112c0-26.5 21.5-48 48-48h48V12c0-6.6 5.4-12 12-12h40c6.6 0 12 5.4 12 12v52h128V12c0-6.6 5.4-12 12-12h40c6.6 0 12 5.4 12 12v52h48c26.5 0 48 21.5 48 48zm-48 346V160H48v298c0 3.3 2.7 6 6 6h340c3.3 0 6-2.7 6-6z\"><\/path><\/svg><\/span><span class=\"gb-headline-text\">Septiembre 2022 a Febrero 2024<\/span><\/h6>\n\n\n\n<h6 class=\"gb-headline gb-headline-e59759ab\"><span class=\"gb-icon\"><svg xml:space=\"preserve\" style=\"enable-background:new 0 0 27.015 27.016;\" viewbox=\"0 0 27.015 27.016\" height=\"27.016px\" width=\"27.015px\" y=\"0px\" x=\"0px\" xmlns:xlink=\"https:\/\/www.w3.org\/1999\/xlink\" xmlns=\"https:\/\/www.w3.org\/2000\/svg\" id=\"Capa_1\" version=\"1.1\"> <g> \t<path d=\"M23.809,19.885c0,1.766-0.862,3.395-2.595,4.889c-1.729,1.496-3.823,2.242-6.285,2.242c-2.305,0-4.315-0.838-6.032-2.512 \t\tc-1.718-1.676-2.744-4.211-3.08-7.609H3.53c-0.215,0-0.324-0.154-0.324-0.469c0-0.299,0.115-0.678,0.344-1.135 \t\tc0.228-0.457,0.42-0.686,0.576-0.686h1.547v-0.647c0-0.528,0.025-1.291,0.074-2.288H3.53c-0.215,0-0.324-0.149-0.324-0.45 \t\tc0-0.313,0.115-0.696,0.344-1.152c0.228-0.457,0.42-0.685,0.576-0.685h1.801C6.707,3.127,9.661,0,14.786,0 \t\tc2.258,0,4.204,0.582,5.836,1.747c1.633,1.165,2.449,2.611,2.449,4.34c0,0.588-0.191,1.086-0.576,1.495 \t\tc-0.385,0.409-0.854,0.612-1.404,0.612c-0.611,0-1.061-0.156-1.342-0.468c-0.283-0.312-0.562-0.792-0.838-1.441 \t\tc-0.348-0.852-0.762-1.503-1.242-1.954c-0.479-0.451-1.297-0.676-2.449-0.676c-1.319,0-2.338,0.462-3.053,1.387 \t\tc-0.715,0.925-1.174,2.372-1.379,4.341h5.801c0.238,0,0.359,0.156,0.359,0.468c0,0.336-0.111,0.724-0.334,1.162 \t\tc-0.221,0.439-0.416,0.658-0.584,0.658h-5.385l-0.037,1.765c0,0.541,0.012,0.932,0.037,1.17h5.942c0.238,0,0.359,0.149,0.359,0.45 \t\tc0,0.349-0.111,0.742-0.334,1.181c-0.222,0.438-0.416,0.656-0.584,0.656h-5.277c0.42,4.312,1.801,6.467,4.144,6.467 \t\tc0.877,0,1.678-0.211,2.403-0.631c0.729-0.421,1.427-1.404,2.1-2.953c0.432-1.009,0.805-1.636,1.115-1.883 \t\tc0.312-0.246,0.648-0.369,1.01-0.369c0.721,0,1.279,0.207,1.684,0.623C23.609,18.561,23.809,19.141,23.809,19.885z\"><\/path> <\/g> <g> <\/g> <g> <\/g> <g> <\/g> <g> <\/g> <g> <\/g> <g> <\/g> <g> <\/g> <g> <\/g> <g> <\/g> <g> <\/g> <g> <\/g> <g> <\/g> <g> <\/g> <g> <\/g> <g> <\/g> <\/svg><\/span><span class=\"gb-headline-text\">26.250<\/span><\/h6>\n\n<\/div><\/div>\n\n<div class=\"gb-container gb-container-fda25784\"><div class=\"gb-inside-container\">\n<div class=\"wp-block-image\">\n<figure class=\"aligncenter size-medium is-resized\"><img loading=\"lazy\" decoding=\"async\" width=\"296\" height=\"300\" src=\"https:\/\/earth.web.uclm.es\/wp-content\/uploads\/2023\/01\/es_v_cofinanciado_por_la_union_europea_pos-296x300.jpg\" alt=\"\" class=\"wp-image-6166\" style=\"width:168px;height:auto\" srcset=\"https:\/\/earth.web.uclm.es\/wp-content\/uploads\/2023\/01\/es_v_cofinanciado_por_la_union_europea_pos-296x300.jpg 296w, https:\/\/earth.web.uclm.es\/wp-content\/uploads\/2023\/01\/es_v_cofinanciado_por_la_union_europea_pos-768x778.jpg 768w, https:\/\/earth.web.uclm.es\/wp-content\/uploads\/2023\/01\/es_v_cofinanciado_por_la_union_europea_pos-12x12.jpg 12w, https:\/\/earth.web.uclm.es\/wp-content\/uploads\/2023\/01\/es_v_cofinanciado_por_la_union_europea_pos.jpg 910w\" sizes=\"auto, (max-width: 296px) 100vw, 296px\" \/><\/figure>\n<\/div>\n\n<div class=\"wp-block-image\">\n<figure class=\"aligncenter size-full is-resized\"><img loading=\"lazy\" decoding=\"async\" width=\"955\" height=\"304\" src=\"https:\/\/earth.web.uclm.es\/wp-content\/uploads\/2024\/02\/ministerio_hacienda_logo-1.png\" alt=\"\" class=\"wp-image-6224\" style=\"width:270px;height:auto\" srcset=\"https:\/\/earth.web.uclm.es\/wp-content\/uploads\/2024\/02\/ministerio_hacienda_logo-1.png 955w, https:\/\/earth.web.uclm.es\/wp-content\/uploads\/2024\/02\/ministerio_hacienda_logo-1-300x95.png 300w, https:\/\/earth.web.uclm.es\/wp-content\/uploads\/2024\/02\/ministerio_hacienda_logo-1-768x244.png 768w, https:\/\/earth.web.uclm.es\/wp-content\/uploads\/2024\/02\/ministerio_hacienda_logo-1-18x6.png 18w\" sizes=\"auto, (max-width: 955px) 100vw, 955px\" \/><\/figure>\n<\/div>\n\n<div class=\"wp-block-image\">\n<figure class=\"aligncenter size-full is-resized\"><img loading=\"lazy\" decoding=\"async\" width=\"771\" height=\"163\" src=\"https:\/\/earth.web.uclm.es\/wp-content\/uploads\/2024\/02\/fondos_europeos_logo.png\" alt=\"\" class=\"wp-image-6221\" style=\"width:272px;height:auto\" srcset=\"https:\/\/earth.web.uclm.es\/wp-content\/uploads\/2024\/02\/fondos_europeos_logo.png 771w, https:\/\/earth.web.uclm.es\/wp-content\/uploads\/2024\/02\/fondos_europeos_logo-300x63.png 300w, https:\/\/earth.web.uclm.es\/wp-content\/uploads\/2024\/02\/fondos_europeos_logo-768x162.png 768w, https:\/\/earth.web.uclm.es\/wp-content\/uploads\/2024\/02\/fondos_europeos_logo-18x4.png 18w\" sizes=\"auto, (max-width: 771px) 100vw, 771px\" \/><\/figure>\n<\/div>\n\n<div class=\"wp-block-image\">\n<figure class=\"aligncenter size-medium is-resized\"><img loading=\"lazy\" decoding=\"async\" width=\"300\" height=\"192\" src=\"https:\/\/earth.web.uclm.es\/wp-content\/uploads\/2022\/01\/Logotipo_Castilla-La_Mancha-300x192.png\" alt=\"\" class=\"wp-image-5523\" style=\"width:184px;height:auto\" srcset=\"https:\/\/earth.web.uclm.es\/wp-content\/uploads\/2022\/01\/Logotipo_Castilla-La_Mancha-300x192.png 300w, https:\/\/earth.web.uclm.es\/wp-content\/uploads\/2022\/01\/Logotipo_Castilla-La_Mancha-1024x656.png 1024w, https:\/\/earth.web.uclm.es\/wp-content\/uploads\/2022\/01\/Logotipo_Castilla-La_Mancha-768x492.png 768w, https:\/\/earth.web.uclm.es\/wp-content\/uploads\/2022\/01\/Logotipo_Castilla-La_Mancha-18x12.png 18w, https:\/\/earth.web.uclm.es\/wp-content\/uploads\/2022\/01\/Logotipo_Castilla-La_Mancha.png 1200w\" sizes=\"auto, (max-width: 300px) 100vw, 300px\" \/><\/figure>\n<\/div>\n<\/div><\/div>\n<\/div><\/div><\/div>\n<\/div>","protected":false},"excerpt":{"rendered":"","protected":false},"author":1,"featured_media":0,"parent":5487,"menu_order":0,"comment_status":"closed","ping_status":"closed","template":"","meta":{"footnotes":""},"class_list":["post-6161","page","type-page","status-publish"],"_links":{"self":[{"href":"https:\/\/earth.web.uclm.es\/en\/wp-json\/wp\/v2\/pages\/6161","targetHints":{"allow":["GET"]}}],"collection":[{"href":"https:\/\/earth.web.uclm.es\/en\/wp-json\/wp\/v2\/pages"}],"about":[{"href":"https:\/\/earth.web.uclm.es\/en\/wp-json\/wp\/v2\/types\/page"}],"author":[{"embeddable":true,"href":"https:\/\/earth.web.uclm.es\/en\/wp-json\/wp\/v2\/users\/1"}],"replies":[{"embeddable":true,"href":"https:\/\/earth.web.uclm.es\/en\/wp-json\/wp\/v2\/comments?post=6161"}],"version-history":[{"count":18,"href":"https:\/\/earth.web.uclm.es\/en\/wp-json\/wp\/v2\/pages\/6161\/revisions"}],"predecessor-version":[{"id":6228,"href":"https:\/\/earth.web.uclm.es\/en\/wp-json\/wp\/v2\/pages\/6161\/revisions\/6228"}],"up":[{"embeddable":true,"href":"https:\/\/earth.web.uclm.es\/en\/wp-json\/wp\/v2\/pages\/5487"}],"wp:attachment":[{"href":"https:\/\/earth.web.uclm.es\/en\/wp-json\/wp\/v2\/media?parent=6161"}],"curies":[{"name":"wp","href":"https:\/\/api.w.org\/{rel}","templated":true}]}}